{"id":211,"date":"2012-10-19T12:37:15","date_gmt":"2012-10-19T10:37:15","guid":{"rendered":"http:\/\/template-demos.com\/wp\/WP01\/WP010005\/?page_id=2"},"modified":"2025-01-03T12:04:27","modified_gmt":"2025-01-03T11:04:27","slug":"about-us","status":"publish","type":"page","link":"https:\/\/africadeli.lu\/index.php\/about-us\/","title":{"rendered":"A Propos"},"content":{"rendered":"<p>[vc_row el_class=\u00a0\u00bbcustom-content-main\u00a0\u00bb][vc_column][vc_row_inner css=\u00a0\u00bb.vc_custom_1547722351049{padding-bottom: 40px !important;}\u00a0\u00bb][vc_column_inner]<div class=\"shortcode-title center \"><h3 class=\"normal-title\">Notre vision<\/h3><\/div>[vc_column_text]<strong>africadeli<\/strong> est sp\u00e9cialis\u00e9 dans la distribution de produits exotiques rares. Nous nous sommes donn\u00e9s pour mission de valoriser du savoir-faire des producteurs africains dans le domaine agricole.<\/p>\n<p>L\u2019agriculture est le pilier sur lequel les \u00e9conomies africaines peuvent s&rsquo;appuyer pour cr\u00e9er de la richesse et absorber le nombre grandissant de ch\u00f4meurs. La richesse de ses sols et la particularit\u00e9 de son climat en font une zone au potentiel \u00e9norme mais encore sous exploit\u00e9.<\/p>\n<p>Notre r\u00f4le est de contribuer au d\u00e9veloppement de cette agriculture en permettant aux producteurs locaux d&rsquo;acc\u00e9der directement aux march\u00e9s europ\u00e9ens et ainsi g\u00e9n\u00e9rer de la plus-value .<\/p>\n<p><strong>A<\/strong><strong>fricadeli<\/strong> travaille \u00e9galement \u00e0 les accompagner dans leur processus de cr\u00e9ation de valeur. Il s\u2019agit concr\u00e8tement de promouvoir des produits transform\u00e9s localement et faciliter leur distribution \u00e0 travers le monde.<\/p>\n<p>Cette approche permet de cr\u00e9er davantage d\u2019emplois locaux et d&rsquo;augmenter\u00a0 les revenus des producteurs et ouvriers.\u00a0 En clair, d&rsquo;impacter significativement sur les fili\u00e8res et les \u00e9conomies locales.<\/p>\n<p>&nbsp;<\/p>\n<p style=\"text-align: center;\"><strong>Le d\u00e9veloppement durable et le bien-\u00eatre partag\u00e9 sont les \u00e9l\u00e9ments cl\u00e9s de notre philosophie.<\/strong><\/p>\n<p>&nbsp;<\/p>\n<p>Charles Menye,\u00a0Entrepreneur social[\/vc_column_text][\/vc_column_inner][\/vc_row_inner][\/vc_column][\/vc_row]<\/p>\n","protected":false},"excerpt":{"rendered":"<p>[vc_row el_class=\u00a0\u00bbcustom-content-main\u00a0\u00bb][vc_column][vc_row_inner css=\u00a0\u00bb.vc_custom_1547722351049{padding-bottom: 40px !important;}\u00a0\u00bb][vc_column_inner][vc_column_text]africadeli est sp\u00e9cialis\u00e9 dans la distribution de produits exotiques rares. Nous nous sommes donn\u00e9s pour mission de valoriser du savoir-faire des producteurs africains dans le domaine agricole. L\u2019agriculture est le pilier sur lequel les \u00e9conomies africaines peuvent s&rsquo;appuyer pour cr\u00e9er de la richesse et absorber le nombre grandissant de ch\u00f4meurs. La&hellip; <a class=\"read-more-link\" href=\"https:\/\/africadeli.lu\/index.php\/about-us\/\">Read More<\/a><\/p>\n","protected":false},"author":1,"featured_media":8756,"parent":0,"menu_order":0,"comment_status":"closed","ping_status":"closed","template":"","meta":{"spay_email":"","footnotes":""},"class_list":["post-211","page","type-page","status-publish","has-post-thumbnail","hentry"],"_links":{"self":[{"href":"https:\/\/africadeli.lu\/index.php\/wp-json\/wp\/v2\/pages\/211","targetHints":{"allow":["GET"]}}],"collection":[{"href":"https:\/\/africadeli.lu\/index.php\/wp-json\/wp\/v2\/pages"}],"about":[{"href":"https:\/\/africadeli.lu\/index.php\/wp-json\/wp\/v2\/types\/page"}],"author":[{"embeddable":true,"href":"https:\/\/africadeli.lu\/index.php\/wp-json\/wp\/v2\/users\/1"}],"replies":[{"embeddable":true,"href":"https:\/\/africadeli.lu\/index.php\/wp-json\/wp\/v2\/comments?post=211"}],"version-history":[{"count":18,"href":"https:\/\/africadeli.lu\/index.php\/wp-json\/wp\/v2\/pages\/211\/revisions"}],"predecessor-version":[{"id":77906,"href":"https:\/\/africadeli.lu\/index.php\/wp-json\/wp\/v2\/pages\/211\/revisions\/77906"}],"wp:featuredmedia":[{"embeddable":true,"href":"https:\/\/africadeli.lu\/index.php\/wp-json\/wp\/v2\/media\/8756"}],"wp:attachment":[{"href":"https:\/\/africadeli.lu\/index.php\/wp-json\/wp\/v2\/media?parent=211"}],"curies":[{"name":"wp","href":"https:\/\/api.w.org\/{rel}","templated":true}]}}